{"id":170,"date":"2020-09-24T01:41:27","date_gmt":"2020-09-24T01:41:27","guid":{"rendered":"https:\/\/demo2wpopal.b-cdn.net\/mailyspa\/?page_id=170"},"modified":"2024-12-12T08:35:42","modified_gmt":"2024-12-12T08:35:42","slug":"home-1","status":"publish","type":"page","link":"https:\/\/lamano.ch\/","title":{"rendered":"Home 1"},"content":{"rendered":"\t\t<div data-elementor-type=\"wp-page\" data-elementor-id=\"170\" class=\"elementor elementor-170\" data-elementor-post-type=\"page\">\n\t\t\t\t\t\t<div class=\"elementor-section elementor-top-section elementor-element elementor-element-32da8a8 elementor-section-stretched elementor-section-boxed elementor-section-height-default elementor-section-height-default\" data-id=\"32da8a8\" data-element_type=\"section\" data-settings=\"{&quot;stretch_section&quot;:&quot;section-stretched&quot;,&quot;background_background&quot;:&quot;classic&quot;}\">\n\t\t\t\t\t\t\t<div class=\"elementor-background-overlay\"><\/div>\n\t\t\t\t\t\t\t<div class=\"elementor-container elementor-column-gap-no\">\n\t\t\t\t\t<div class=\"elementor-column elementor-col-50 elementor-top-column elementor-element elementor-element-f6da0f1\" data-id=\"f6da0f1\" data-element_type=\"column\" data-settings=\"{&quot;background_background&quot;:&quot;classic&quot;}\">\n\t\t\t<div class=\"elementor-widget-wrap elementor-element-populated\">\n\t\t\t\t\t\t<div class=\"elementor-element elementor-element-99dd918 animated-fast elementor-invisible elementor-widget elementor-widget-heading\" data-id=\"99dd918\" data-element_type=\"widget\" data-settings=\"{&quot;_animation&quot;:&quot;opal-move-up&quot;}\" data-widget_type=\"heading.default\">\n\t\t\t\t<div class=\"elementor-widget-container\">\n\t\t\t\t\t<h2 class=\"elementor-heading-title elementor-size-default\">Gib jedem Tag die Chance der sch\u00f6nste in Deinem Leben zu sein...\n<\/h2>\t\t\t\t<\/div>\n\t\t\t\t<\/div>\n\t\t\t\t<div class=\"elementor-element elementor-element-602f194 elementor-widget elementor-widget-text-editor\" data-id=\"602f194\" data-element_type=\"widget\" data-widget_type=\"text-editor.default\">\n\t\t\t\t<div class=\"elementor-widget-container\">\n\t\t\t\t\t\t\t\t\t<p><span style=\"font-size: 13.5pt; line-height: 107%; font-family: 'Helvetica',sans-serif; mso-fareast-font-family: 'Times New Roman'; mso-bidi-font-family: 'Times New Roman'; color: #6f5a69; mso-font-kerning: 0pt; mso-ligatures: none; mso-ansi-language: DE-CH; mso-fareast-language: DE-CH; mso-bidi-language: AR-SA;\">Bei uns werden die Kundenbed\u00fcrfnisse in den Vordergrund gestellt. In den n\u00e4chsten Wochen werden wir unsere Webseite kontinuierlich ausbauen.<\/span><\/p>\t\t\t\t\t\t\t\t<\/div>\n\t\t\t\t<\/div>\n\t\t\t\t\t<\/div>\n\t\t<\/div>\n\t\t\t\t<div class=\"elementor-column elementor-col-50 elementor-top-column elementor-element elementor-element-6e1b1bd\" data-id=\"6e1b1bd\" data-element_type=\"column\" data-settings=\"{&quot;background_background&quot;:&quot;gradient&quot;}\">\n\t\t\t<div class=\"elementor-widget-wrap elementor-element-populated\">\n\t\t\t\t\t<div class=\"elementor-background-overlay\"><\/div>\n\t\t\t\t\t\t<div class=\"elementor-element elementor-element-5829209 elementor-widget__width-initial elementor-widget-tablet__width-initial elementor-widget-mobile__width-initial elementor-invisible elementor-widget elementor-widget-image\" data-id=\"5829209\" data-element_type=\"widget\" data-settings=\"{&quot;_animation&quot;:&quot;opal-move-left&quot;}\" data-widget_type=\"image.default\">\n\t\t\t\t<div class=\"elementor-widget-container\">\n\t\t\t\t\t\t\t\t\t\t\t\t\t\t\t<img fetchpriority=\"high\" decoding=\"async\" width=\"620\" height=\"620\" src=\"https:\/\/lamano.ch\/wp-content\/uploads\/2020\/09\/gallery1-h4.jpg\" class=\"attachment-1536x1536 size-1536x1536 wp-image-721\" alt=\"\" srcset=\"https:\/\/lamano.ch\/wp-content\/uploads\/2020\/09\/gallery1-h4.jpg 620w, https:\/\/lamano.ch\/wp-content\/uploads\/2020\/09\/gallery1-h4-300x300.jpg 300w, https:\/\/lamano.ch\/wp-content\/uploads\/2020\/09\/gallery1-h4-150x150.jpg 150w, https:\/\/lamano.ch\/wp-content\/uploads\/2020\/09\/gallery1-h4-100x100.jpg 100w, https:\/\/lamano.ch\/wp-content\/uploads\/2020\/09\/gallery1-h4-400x400.jpg 400w\" sizes=\"(max-width: 620px) 100vw, 620px\" \/>\t\t\t\t\t\t\t\t\t\t\t\t\t\t\t<\/div>\n\t\t\t\t<\/div>\n\t\t\t\t\t<\/div>\n\t\t<\/div>\n\t\t\t\t\t<\/div>\n\t\t<\/div>\n\t\t\t\t<div class=\"elementor-section elementor-top-section elementor-element elementor-element-62c1945 elementor-section-stretched elementor-section-boxed elementor-section-height-default elementor-section-height-default\" data-id=\"62c1945\" data-element_type=\"section\" data-settings=\"{&quot;stretch_section&quot;:&quot;section-stretched&quot;}\">\n\t\t\t\t\t\t<div class=\"elementor-container elementor-column-gap-no\">\n\t\t\t\t\t<div class=\"elementor-column elementor-col-100 elementor-top-column elementor-element elementor-element-4dd4f1d\" data-id=\"4dd4f1d\" data-element_type=\"column\">\n\t\t\t<div class=\"elementor-widget-wrap elementor-element-populated\">\n\t\t\t\t\t\t<div class=\"elementor-element elementor-element-58f772e animated-fast elementor-view-default elementor-invisible elementor-widget elementor-widget-icon\" data-id=\"58f772e\" data-element_type=\"widget\" data-settings=\"{&quot;_animation&quot;:&quot;opal-move-up&quot;}\" data-widget_type=\"icon.default\">\n\t\t\t\t<div class=\"elementor-widget-container\">\n\t\t\t\t\t\t\t<div class=\"elementor-icon-wrapper\">\n\t\t\t<div class=\"elementor-icon\">\n\t\t\t<i aria-hidden=\"true\" class=\"mailyspa-icon- mailyspa-icon-logo-mailyspa\"><\/i>\t\t\t<\/div>\n\t\t<\/div>\n\t\t\t\t\t\t<\/div>\n\t\t\t\t<\/div>\n\t\t\t\t<div class=\"elementor-element elementor-element-74ff62b animated-fast elementor-invisible elementor-widget elementor-widget-text-editor\" data-id=\"74ff62b\" data-element_type=\"widget\" data-settings=\"{&quot;_animation&quot;:&quot;opal-move-up&quot;}\" data-widget_type=\"text-editor.default\">\n\t\t\t\t<div class=\"elementor-widget-container\">\n\t\t\t\t\t\t\t\t\t<p>Unser Services<\/p>\t\t\t\t\t\t\t\t<\/div>\n\t\t\t\t<\/div>\n\t\t\t\t<div class=\"elementor-element elementor-element-e3ae3bd animated-fast elementor-invisible elementor-widget elementor-widget-heading\" data-id=\"e3ae3bd\" data-element_type=\"widget\" data-settings=\"{&quot;_animation&quot;:&quot;opal-move-up&quot;}\" data-widget_type=\"heading.default\">\n\t\t\t\t<div class=\"elementor-widget-container\">\n\t\t\t\t\t<h2 class=\"elementor-heading-title elementor-size-default\">Es ist Zeit zu geniessen...<\/h2>\t\t\t\t<\/div>\n\t\t\t\t<\/div>\n\t\t\t\t<div class=\"elementor-section elementor-inner-section elementor-element elementor-element-c170b48 elementor-section-full_width elementor-section-height-default elementor-section-height-default\" data-id=\"c170b48\" data-element_type=\"section\">\n\t\t\t\t\t\t<div class=\"elementor-container elementor-column-gap-no\">\n\t\t\t\t\t<div class=\"elementor-column elementor-col-50 elementor-inner-column elementor-element elementor-element-ef8515c animated-fast elementor-invisible\" data-id=\"ef8515c\" data-element_type=\"column\" data-settings=\"{&quot;animation&quot;:&quot;opal-move-up&quot;}\">\n\t\t\t<div class=\"elementor-widget-wrap elementor-element-populated\">\n\t\t\t\t\t\t<div class=\"elementor-element elementor-element-66a28dd elementor-widget elementor-widget-image\" data-id=\"66a28dd\" data-element_type=\"widget\" data-widget_type=\"image.default\">\n\t\t\t\t<div class=\"elementor-widget-container\">\n\t\t\t\t\t\t\t\t\t\t\t\t\t\t\t\t<a href=\"https:\/\/wa.me\/+41763993663\">\n\t\t\t\t\t\t\t<img decoding=\"async\" width=\"719\" height=\"1024\" src=\"https:\/\/lamano.ch\/wp-content\/uploads\/2023\/11\/Flyer_Manu_neu-719x1024.jpg\" class=\"attachment-large size-large wp-image-2582\" alt=\"\" srcset=\"https:\/\/lamano.ch\/wp-content\/uploads\/2023\/11\/Flyer_Manu_neu-719x1024.jpg 719w, https:\/\/lamano.ch\/wp-content\/uploads\/2023\/11\/Flyer_Manu_neu-211x300.jpg 211w, https:\/\/lamano.ch\/wp-content\/uploads\/2023\/11\/Flyer_Manu_neu-768x1094.jpg 768w, https:\/\/lamano.ch\/wp-content\/uploads\/2023\/11\/Flyer_Manu_neu.jpg 910w\" sizes=\"(max-width: 719px) 100vw, 719px\" \/>\t\t\t\t\t\t\t\t<\/a>\n\t\t\t\t\t\t\t\t\t\t\t\t\t\t\t<\/div>\n\t\t\t\t<\/div>\n\t\t\t\t\t<\/div>\n\t\t<\/div>\n\t\t\t\t<div class=\"elementor-column elementor-col-50 elementor-inner-column elementor-element elementor-element-8d73e06 animated-fast elementor-invisible\" data-id=\"8d73e06\" data-element_type=\"column\" data-settings=\"{&quot;animation&quot;:&quot;opal-move-up&quot;,&quot;animation_delay&quot;:100}\">\n\t\t\t<div class=\"elementor-widget-wrap elementor-element-populated\">\n\t\t\t\t\t\t<div class=\"elementor-element elementor-element-29f274e elementor-widget elementor-widget-image\" data-id=\"29f274e\" data-element_type=\"widget\" data-widget_type=\"image.default\">\n\t\t\t\t<div class=\"elementor-widget-container\">\n\t\t\t\t\t\t\t\t\t\t\t\t\t\t\t\t<a href=\"https:\/\/wa.me\/+41762203366\">\n\t\t\t\t\t\t\t<img decoding=\"async\" width=\"722\" height=\"1024\" src=\"https:\/\/lamano.ch\/wp-content\/uploads\/2023\/11\/Flyer_Julia_neu-722x1024.jpg\" class=\"attachment-large size-large wp-image-2583\" alt=\"\" srcset=\"https:\/\/lamano.ch\/wp-content\/uploads\/2023\/11\/Flyer_Julia_neu-722x1024.jpg 722w, https:\/\/lamano.ch\/wp-content\/uploads\/2023\/11\/Flyer_Julia_neu-211x300.jpg 211w, https:\/\/lamano.ch\/wp-content\/uploads\/2023\/11\/Flyer_Julia_neu-768x1090.jpg 768w, https:\/\/lamano.ch\/wp-content\/uploads\/2023\/11\/Flyer_Julia_neu.jpg 916w\" sizes=\"(max-width: 722px) 100vw, 722px\" \/>\t\t\t\t\t\t\t\t<\/a>\n\t\t\t\t\t\t\t\t\t\t\t\t\t\t\t<\/div>\n\t\t\t\t<\/div>\n\t\t\t\t\t<\/div>\n\t\t<\/div>\n\t\t\t\t\t<\/div>\n\t\t<\/div>\n\t\t\t\t\t<\/div>\n\t\t<\/div>\n\t\t\t\t\t<\/div>\n\t\t<\/div>\n\t\t<div class=\"elementor-element elementor-element-5394b73 e-flex e-con-boxed e-con e-parent\" data-id=\"5394b73\" data-element_type=\"container\">\n\t\t\t\t\t<div class=\"e-con-inner\">\n\t\t\t\t<div class=\"elementor-element elementor-element-162be68 elementor-widget elementor-widget-heading\" data-id=\"162be68\" data-element_type=\"widget\" data-widget_type=\"heading.default\">\n\t\t\t\t<div class=\"elementor-widget-container\">\n\t\t\t\t\t<h2 class=\"elementor-heading-title elementor-size-default\">Sie finden uns an der Bahnhofstrasse 20  8555 Aadorf<\/h2>\t\t\t\t<\/div>\n\t\t\t\t<\/div>\n\t\t\t\t<div class=\"elementor-element elementor-element-e54e31e elementor-widget elementor-widget-google_maps\" data-id=\"e54e31e\" data-element_type=\"widget\" data-widget_type=\"google_maps.default\">\n\t\t\t\t<div class=\"elementor-widget-container\">\n\t\t\t\t\t\t\t<div class=\"elementor-custom-embed\">\n\t\t\t<iframe loading=\"lazy\"\n\t\t\t\t\tsrc=\"https:\/\/maps.google.com\/maps?q=Bahnhofstrasse%2020%20aadorf&#038;t=m&#038;z=15&#038;output=embed&#038;iwloc=near\"\n\t\t\t\t\ttitle=\"Bahnhofstrasse 20 aadorf\"\n\t\t\t\t\taria-label=\"Bahnhofstrasse 20 aadorf\"\n\t\t\t><\/iframe>\n\t\t<\/div>\n\t\t\t\t\t\t<\/div>\n\t\t\t\t<\/div>\n\t\t\t\t\t<\/div>\n\t\t\t\t<\/div>\n\t\t<div class=\"elementor-element elementor-element-d6f601c e-flex e-con-boxed e-con e-parent\" data-id=\"d6f601c\" data-element_type=\"container\">\n\t\t\t\t\t<div class=\"e-con-inner\">\n\t\t\t\t<div class=\"elementor-element elementor-element-747cb11 elementor-widget elementor-widget-video\" data-id=\"747cb11\" data-element_type=\"widget\" data-settings=\"{&quot;video_type&quot;:&quot;hosted&quot;,&quot;autoplay&quot;:&quot;yes&quot;,&quot;play_on_mobile&quot;:&quot;yes&quot;,&quot;loop&quot;:&quot;yes&quot;}\" data-widget_type=\"video.default\">\n\t\t\t\t<div class=\"elementor-widget-container\">\n\t\t\t\t\t\t\t<div class=\"e-hosted-video elementor-wrapper elementor-open-inline\">\n\t\t\t\t\t<video class=\"elementor-video\" src=\"https:\/\/lamano.ch\/wp-content\/uploads\/2023\/12\/ScreenPresentation_Lamano_December_2023_10MB.mp4\" autoplay=\"\" loop=\"\" playsinline=\"\" controlsList=\"nodownload\"><\/video>\n\t\t\t\t<\/div>\n\t\t\t\t\t\t<\/div>\n\t\t\t\t<\/div>\n\t\t\t\t\t<\/div>\n\t\t\t\t<\/div>\n\t\t<div class=\"elementor-element elementor-element-ac5d220 e-flex e-con-boxed e-con e-parent\" data-id=\"ac5d220\" data-element_type=\"container\">\n\t\t\t\t\t<div class=\"e-con-inner\">\n\t\t\t\t<div class=\"elementor-element elementor-element-c53f5b7 elementor-widget elementor-widget-theme-site-logo elementor-widget-image\" data-id=\"c53f5b7\" data-element_type=\"widget\" data-widget_type=\"theme-site-logo.default\">\n\t\t\t\t<div class=\"elementor-widget-container\">\n\t\t\t\t\t\t\t\t\t\t\t<a href=\"https:\/\/lamano.ch\">\n\t\t\t<img loading=\"lazy\" decoding=\"async\" width=\"2560\" height=\"601\" src=\"https:\/\/lamano.ch\/wp-content\/uploads\/2023\/11\/Neues_Logo_Lamano_Transparent-scaled.jpg\" class=\"attachment-full size-full wp-image-2562\" alt=\"\" srcset=\"https:\/\/lamano.ch\/wp-content\/uploads\/2023\/11\/Neues_Logo_Lamano_Transparent-scaled.jpg 2560w, https:\/\/lamano.ch\/wp-content\/uploads\/2023\/11\/Neues_Logo_Lamano_Transparent-300x70.jpg 300w, https:\/\/lamano.ch\/wp-content\/uploads\/2023\/11\/Neues_Logo_Lamano_Transparent-1024x240.jpg 1024w, https:\/\/lamano.ch\/wp-content\/uploads\/2023\/11\/Neues_Logo_Lamano_Transparent-768x180.jpg 768w, https:\/\/lamano.ch\/wp-content\/uploads\/2023\/11\/Neues_Logo_Lamano_Transparent-1536x361.jpg 1536w, https:\/\/lamano.ch\/wp-content\/uploads\/2023\/11\/Neues_Logo_Lamano_Transparent-2048x481.jpg 2048w\" sizes=\"(max-width: 2560px) 100vw, 2560px\" \/>\t\t\t\t<\/a>\n\t\t\t\t\t\t\t\t\t\t\t<\/div>\n\t\t\t\t<\/div>\n\t\t\t\t\t<\/div>\n\t\t\t\t<\/div>\n\t\t\t\t<\/div>\n\t\t","protected":false},"excerpt":{"rendered":"<p>Gib jedem Tag die Chance der sch\u00f6nste in Deinem Leben zu sein&#8230; Bei uns werden die Kundenbed\u00fcrfnisse in den Vordergrund gestellt. In den n\u00e4chsten Wochen werden wir unsere Webseite kontinuierlich ausbauen. Unser Services Es ist Zeit zu geniessen&#8230; Sie finden uns an der Bahnhofstrasse 20 8555 Aadorf https:\/\/lamano.ch\/wp-content\/uploads\/2023\/12\/ScreenPresentation_Lamano_December_2023_10MB.mp4<\/p>\n","protected":false},"author":1,"featured_media":0,"parent":0,"menu_order":0,"comment_status":"closed","ping_status":"closed","template":"template-homepage.php","meta":{"inline_featured_image":false,"footnotes":""},"class_list":["post-170","page","type-page","status-publish","hentry"],"_links":{"self":[{"href":"https:\/\/lamano.ch\/index.php\/wp-json\/wp\/v2\/pages\/170","targetHints":{"allow":["GET"]}}],"collection":[{"href":"https:\/\/lamano.ch\/index.php\/wp-json\/wp\/v2\/pages"}],"about":[{"href":"https:\/\/lamano.ch\/index.php\/wp-json\/wp\/v2\/types\/page"}],"author":[{"embeddable":true,"href":"https:\/\/lamano.ch\/index.php\/wp-json\/wp\/v2\/users\/1"}],"replies":[{"embeddable":true,"href":"https:\/\/lamano.ch\/index.php\/wp-json\/wp\/v2\/comments?post=170"}],"version-history":[{"count":55,"href":"https:\/\/lamano.ch\/index.php\/wp-json\/wp\/v2\/pages\/170\/revisions"}],"predecessor-version":[{"id":2719,"href":"https:\/\/lamano.ch\/index.php\/wp-json\/wp\/v2\/pages\/170\/revisions\/2719"}],"wp:attachment":[{"href":"https:\/\/lamano.ch\/index.php\/wp-json\/wp\/v2\/media?parent=170"}],"curies":[{"name":"wp","href":"https:\/\/api.w.org\/{rel}","templated":true}]}}